{"id":100,"date":"2021-11-10T18:49:45","date_gmt":"2021-11-10T18:49:45","guid":{"rendered":"https:\/\/www.kalibracepipet.cz\/?page_id=100"},"modified":"2021-12-16T09:54:27","modified_gmt":"2021-12-16T09:54:27","slug":"nezavazna-nabidka","status":"publish","type":"page","link":"https:\/\/www.kalibracepipet.cz\/?page_id=100","title":{"rendered":"Nez\u00e1vazn\u00e1 nab\u00eddka"},"content":{"rendered":"\n<div class=\"wp-block-columns is-layout-flex wp-container-core-columns-is-layout-9d6595d7 wp-block-columns-is-layout-flex\">\n<div class=\"wp-block-column is-layout-flow wp-block-column-is-layout-flow\">\n<p>Uva\u017eujete o kalibraci pipet? Akreditovan\u00e9 nebo neakreditovan\u00e9? Nebo pot\u0159ebujete prov\u00e9st servis \u010di mezikalibra\u010dn\u00ed kontrolu? R\u00e1di V\u00e1m vytvo\u0159\u00edme p\u0159esnou nab\u00eddku. Sta\u010d\u00ed pouze vyplnit n\u00e1sleduj\u00edc\u00ed formul\u00e1\u0159 a ozveme se V\u00e1m s n\u00e1vrhem vejv\u00fdhodn\u011bj\u0161\u00edho \u0159e\u0161en\u00ed.<\/p>\n\n\n\n<div style=\"height:34px\" aria-hidden=\"true\" class=\"wp-block-spacer\"><\/div>\n\n\n\n<div class=\"wp-block-image\"><figure class=\"aligncenter size-full is-resized\"><img loading=\"lazy\" decoding=\"async\" src=\"https:\/\/www.kalibracepipet.cz\/wp-content\/uploads\/2021\/11\/klavesnice-1.png\" alt=\"\" class=\"wp-image-348\" width=\"225\" height=\"150\"\/><\/figure><\/div>\n\n\n\n<div style=\"height:13px\" aria-hidden=\"true\" class=\"wp-block-spacer\"><\/div>\n\n\n\n<p><strong>Nepot\u0159ebujete tak\u00e9 kalibrovat teplom\u011bry? Nab\u00edz\u00edme V\u00e1m akreditovan\u00e9 kalibrace elektronick\u00fdch a sklen\u011bn\u00fdch teplom\u011br\u016f. Ve\u0161ker\u00e9 informace naleznete&nbsp;<a href=\"http:\/\/www.kalibraceteplomeru.cz\" data-type=\"URL\" data-id=\"www.kalibraceteplomeru.cz\">ZDE<\/a>.<\/strong><\/p>\n\n\n\n<div style=\"height:34px\" aria-hidden=\"true\" class=\"wp-block-spacer\"><\/div>\n\n\n\n<div class=\"wp-block-image\"><figure class=\"aligncenter size-large is-resized\"><img loading=\"lazy\" decoding=\"async\" src=\"https:\/\/www.kalibracepipet.cz\/wp-content\/uploads\/2021\/11\/web-kl-teplomeru-screen-1024x649.png\" alt=\"\" class=\"wp-image-352\" width=\"322\" height=\"204\" srcset=\"https:\/\/www.kalibracepipet.cz\/wp-content\/uploads\/2021\/11\/web-kl-teplomeru-screen-1024x649.png 1024w, https:\/\/www.kalibracepipet.cz\/wp-content\/uploads\/2021\/11\/web-kl-teplomeru-screen-300x190.png 300w, https:\/\/www.kalibracepipet.cz\/wp-content\/uploads\/2021\/11\/web-kl-teplomeru-screen-768x486.png 768w, https:\/\/www.kalibracepipet.cz\/wp-content\/uploads\/2021\/11\/web-kl-teplomeru-screen-1536x973.png 1536w, https:\/\/www.kalibracepipet.cz\/wp-content\/uploads\/2021\/11\/web-kl-teplomeru-screen.png 1920w\" sizes=\"auto, (max-width: 322px) 100vw, 322px\" \/><\/figure><\/div>\n\n\n\n<p><strong>Nab\u00edz\u00edme V\u00e1m tak\u00e9 akreditovan\u00e9 kalibrace teploty a homogenity teplotn\u00edho pole lednic a mraz\u00e1k\u016f. Tyto kalibrace prov\u00e1d\u00edme samoz\u0159ejm\u011b p\u0159\u00edmo na Va\u0161em pracovi\u0161ti. V\u00edce informac\u00ed <a href=\"https:\/\/www.kalibraceteplomeru.cz\/?page_id=108\" data-type=\"URL\" data-id=\"https:\/\/www.kalibraceteplomeru.cz\/?page_id=108\">ZDE<\/a>.<\/strong><\/p>\n\n\n\n<div style=\"height:42px\" aria-hidden=\"true\" class=\"wp-block-spacer\"><\/div>\n\n\n\n<div class=\"wp-block-image\"><figure class=\"aligncenter size-large is-resized\"><img loading=\"lazy\" decoding=\"async\" src=\"https:\/\/www.kalibracepipet.cz\/wp-content\/uploads\/2021\/12\/homogenity-lednic-1-1024x469.png\" alt=\"\" class=\"wp-image-418\" width=\"331\" height=\"152\" srcset=\"https:\/\/www.kalibracepipet.cz\/wp-content\/uploads\/2021\/12\/homogenity-lednic-1-1024x469.png 1024w, https:\/\/www.kalibracepipet.cz\/wp-content\/uploads\/2021\/12\/homogenity-lednic-1-300x138.png 300w, https:\/\/www.kalibracepipet.cz\/wp-content\/uploads\/2021\/12\/homogenity-lednic-1-768x352.png 768w, https:\/\/www.kalibracepipet.cz\/wp-content\/uploads\/2021\/12\/homogenity-lednic-1-1536x704.png 1536w, https:\/\/www.kalibracepipet.cz\/wp-content\/uploads\/2021\/12\/homogenity-lednic-1.png 1920w\" sizes=\"auto, (max-width: 331px) 100vw, 331px\" \/><\/figure><\/div>\n<\/div>\n\n\n\n<div class=\"wp-block-column is-layout-flow wp-block-column-is-layout-flow\"><div class=\"wpforms-container wpforms-container-full\" id=\"wpforms-104\"><form id=\"wpforms-form-104\" class=\"wpforms-validate wpforms-form wpforms-ajax-form\" data-formid=\"104\" method=\"post\" enctype=\"multipart\/form-data\" action=\"\/index.php?rest_route=%2Fwp%2Fv2%2Fpages%2F100\" data-token=\"854595ef1aa8415d1a461f07e0a8cf18\"><noscript class=\"wpforms-error-noscript\">Chcete-li vyplnit tento formul\u00e1\u0159, pros\u00edm povolte v prohl\u00ed\u017ee\u010di JavaScript.<\/noscript><div class=\"wpforms-field-container\"><div id=\"wpforms-104-field_1-container\" class=\"wpforms-field wpforms-field-text\" data-field-id=\"1\"><label class=\"wpforms-field-label\" for=\"wpforms-104-field_1\">N\u00e1zev organizace\/laborato\u0159e:<\/label><input type=\"text\" id=\"wpforms-104-field_1\" class=\"wpforms-field-medium\" name=\"wpforms[fields][1]\" ><\/div><div id=\"wpforms-104-field_2-container\" class=\"wpforms-field wpforms-field-text\" data-field-id=\"2\"><label class=\"wpforms-field-label\" for=\"wpforms-104-field_2\">Jm\u00e9no a p\u0159\u00edjmen\u00ed: <span class=\"wpforms-required-label\">*<\/span><\/label><input type=\"text\" id=\"wpforms-104-field_2\" class=\"wpforms-field-medium wpforms-field-required\" name=\"wpforms[fields][2]\" required><\/div><div id=\"wpforms-104-field_3-container\" class=\"wpforms-field wpforms-field-email\" data-field-id=\"3\"><label class=\"wpforms-field-label\" for=\"wpforms-104-field_3\">E-mail <span class=\"wpforms-required-label\">*<\/span><\/label><input type=\"email\" id=\"wpforms-104-field_3\" class=\"wpforms-field-medium wpforms-field-required\" name=\"wpforms[fields][3]\" required><\/div><div id=\"wpforms-104-field_4-container\" class=\"wpforms-field wpforms-field-checkbox\" data-field-id=\"4\"><label class=\"wpforms-field-label\" for=\"wpforms-104-field_4\">Chci nab\u00eddku na: <span class=\"wpforms-required-label\">*<\/span><\/label><ul id=\"wpforms-104-field_4\" class=\"wpforms-field-required\"><li class=\"choice-1 depth-1\"><input type=\"checkbox\" id=\"wpforms-104-field_4_1\" name=\"wpforms[fields][4][]\" value=\"akreditovanou kalibraci\" required ><label class=\"wpforms-field-label-inline\" for=\"wpforms-104-field_4_1\">akreditovanou kalibraci<\/label><\/li><li class=\"choice-2 depth-1\"><input type=\"checkbox\" id=\"wpforms-104-field_4_2\" name=\"wpforms[fields][4][]\" value=\"neakreditovanou kalibraci\" required ><label class=\"wpforms-field-label-inline\" for=\"wpforms-104-field_4_2\">neakreditovanou kalibraci<\/label><\/li><li class=\"choice-3 depth-1\"><input type=\"checkbox\" id=\"wpforms-104-field_4_3\" name=\"wpforms[fields][4][]\" value=\"mezikalibra\u010dn\u00ed kontrolu\" required ><label class=\"wpforms-field-label-inline\" for=\"wpforms-104-field_4_3\">mezikalibra\u010dn\u00ed kontrolu<\/label><\/li><li class=\"choice-4 depth-1\"><input type=\"checkbox\" id=\"wpforms-104-field_4_4\" name=\"wpforms[fields][4][]\" value=\"servis nebo \u00fadr\u017ebu\" required ><label class=\"wpforms-field-label-inline\" for=\"wpforms-104-field_4_4\">servis nebo \u00fadr\u017ebu<\/label><\/li><\/ul><div class=\"wpforms-field-description\">M\u016f\u017eete vybrat i v\u00edce mo\u017enost\u00ed. <\/div><\/div><div id=\"wpforms-104-field_5-container\" class=\"wpforms-field wpforms-field-text\" data-field-id=\"5\"><label class=\"wpforms-field-label\" for=\"wpforms-104-field_5\">Po\u010det 1-kan\u00e1lov\u00fdch pipet s variabiln\u00edm objemem:<\/label><input type=\"text\" id=\"wpforms-104-field_5\" class=\"wpforms-field-medium\" name=\"wpforms[fields][5]\" ><\/div><div id=\"wpforms-104-field_6-container\" class=\"wpforms-field wpforms-field-text\" data-field-id=\"6\"><label class=\"wpforms-field-label\" for=\"wpforms-104-field_6\">Po\u010det 1-kan\u00e1lov\u00fdch pipet s fixn\u00edm objemem:<\/label><input type=\"text\" id=\"wpforms-104-field_6\" class=\"wpforms-field-medium\" name=\"wpforms[fields][6]\" ><\/div><div id=\"wpforms-104-field_7-container\" class=\"wpforms-field wpforms-field-text\" data-field-id=\"7\"><label class=\"wpforms-field-label\" for=\"wpforms-104-field_7\">Po\u010det 8-kan\u00e1lov\u00fdch pipet:<\/label><input type=\"text\" id=\"wpforms-104-field_7\" class=\"wpforms-field-medium\" name=\"wpforms[fields][7]\" ><\/div><div id=\"wpforms-104-field_8-container\" class=\"wpforms-field wpforms-field-text\" data-field-id=\"8\"><label class=\"wpforms-field-label\" for=\"wpforms-104-field_8\">Po\u010det 12-kan\u00e1lov\u00fdch pipet:<\/label><input type=\"text\" id=\"wpforms-104-field_8\" class=\"wpforms-field-medium\" name=\"wpforms[fields][8]\" ><\/div><div id=\"wpforms-104-field_9-container\" class=\"wpforms-field wpforms-field-text\" data-field-id=\"9\"><label class=\"wpforms-field-label\" for=\"wpforms-104-field_9\">Po\u010det d\u00e1vkova\u010d\u016f:<\/label><input type=\"text\" id=\"wpforms-104-field_9\" class=\"wpforms-field-medium\" name=\"wpforms[fields][9]\" ><\/div><div id=\"wpforms-104-field_10-container\" class=\"wpforms-field wpforms-field-textarea\" data-field-id=\"10\"><label class=\"wpforms-field-label\" for=\"wpforms-104-field_10\">Dal\u0161\u00ed informace:<\/label><textarea id=\"wpforms-104-field_10\" class=\"wpforms-field-large\" name=\"wpforms[fields][10]\" ><\/textarea><div class=\"wpforms-field-description\">Informace, kter\u00e9 n\u00e1m chcete sd\u011blit. Nap\u0159\u00edklad po\u0161kozen\u00ed pipet, po\u017eadavek na datum proveden\u00ed apod.<\/div><\/div><\/div><div class=\"wpforms-submit-container\"><input type=\"hidden\" name=\"wpforms[id]\" value=\"104\"><input type=\"hidden\" name=\"wpforms[author]\" value=\"1\"><button type=\"submit\" name=\"wpforms[submit]\" id=\"wpforms-submit-104\" class=\"wpforms-submit\" data-alt-text=\"Odes\u00edl\u00e1ni...\" data-submit-text=\"Odeslat\" aria-live=\"assertive\" value=\"wpforms-submit\">Odeslat<\/button><img loading=\"lazy\" decoding=\"async\" src=\"https:\/\/www.kalibracepipet.cz\/wp-content\/plugins\/wpforms-lite\/assets\/images\/submit-spin.svg\" class=\"wpforms-submit-spinner\" style=\"display: none;\" width=\"26\" height=\"26\" alt=\"Na\u010d\u00edt\u00e1n\u00ed\"><\/div><\/form><\/div>  <!-- .wpforms-container --><\/div>\n<\/div>\n\n\n\n<figure class=\"wp-block-pullquote is-style-default\" style=\"border-color:#0fbcc8\"><blockquote class=\"has-text-color\" style=\"color:#129a8a\"><p>Kalibrujeme: pipety, teplom\u011bry, teploty a homogenity lednic a mraz\u00e1k\u016f.<\/p><\/blockquote><\/figure>\n\n\n\n<p><\/p>\n","protected":false},"excerpt":{"rendered":"<p>Uva\u017eujete o kalibraci pipet? Akreditovan\u00e9 nebo neakreditovan\u00e9? Nebo pot\u0159ebujete prov\u00e9st servis \u010di mezikalibra\u010dn\u00ed kontrolu? R\u00e1di V\u00e1m vytvo\u0159\u00edme p\u0159esnou nab\u00eddku. Sta\u010d\u00ed pouze vyplnit n\u00e1sleduj\u00edc\u00ed formul\u00e1\u0159 a ozveme se V\u00e1m s n\u00e1vrhem vejv\u00fdhodn\u011bj\u0161\u00edho \u0159e\u0161en\u00ed. Nepot\u0159ebujete tak\u00e9 kalibrovat teplom\u011bry? Nab\u00edz\u00edme V\u00e1m akreditovan\u00e9 kalibrace elektronick\u00fdch a sklen\u011bn\u00fdch teplom\u011br\u016f. Ve\u0161ker\u00e9 informace naleznete&nbsp;ZDE. Nab\u00edz\u00edme V\u00e1m tak\u00e9 akreditovan\u00e9 kalibrace teploty a homogenity [&hellip;]<\/p>\n","protected":false},"author":1,"featured_media":0,"parent":0,"menu_order":0,"comment_status":"closed","ping_status":"closed","template":"","meta":{"_monsterinsights_skip_tracking":false,"_monsterinsights_sitenote_active":false,"_monsterinsights_sitenote_note":"","_monsterinsights_sitenote_category":0,"footnotes":""},"class_list":["post-100","page","type-page","status-publish","hentry"],"_links":{"self":[{"href":"https:\/\/www.kalibracepipet.cz\/index.php?rest_route=\/wp\/v2\/pages\/100","targetHints":{"allow":["GET"]}}],"collection":[{"href":"https:\/\/www.kalibracepipet.cz\/index.php?rest_route=\/wp\/v2\/pages"}],"about":[{"href":"https:\/\/www.kalibracepipet.cz\/index.php?rest_route=\/wp\/v2\/types\/page"}],"author":[{"embeddable":true,"href":"https:\/\/www.kalibracepipet.cz\/index.php?rest_route=\/wp\/v2\/users\/1"}],"replies":[{"embeddable":true,"href":"https:\/\/www.kalibracepipet.cz\/index.php?rest_route=%2Fwp%2Fv2%2Fcomments&post=100"}],"version-history":[{"count":12,"href":"https:\/\/www.kalibracepipet.cz\/index.php?rest_route=\/wp\/v2\/pages\/100\/revisions"}],"predecessor-version":[{"id":420,"href":"https:\/\/www.kalibracepipet.cz\/index.php?rest_route=\/wp\/v2\/pages\/100\/revisions\/420"}],"wp:attachment":[{"href":"https:\/\/www.kalibracepipet.cz\/index.php?rest_route=%2Fwp%2Fv2%2Fmedia&parent=100"}],"curies":[{"name":"wp","href":"https:\/\/api.w.org\/{rel}","templated":true}]}}