{"id":108,"date":"2021-11-10T19:09:40","date_gmt":"2021-11-10T19:09:40","guid":{"rendered":"https:\/\/www.kalibracepipet.cz\/?page_id=108"},"modified":"2025-11-28T08:33:01","modified_gmt":"2025-11-28T08:33:01","slug":"dokumenty-ke-stazeni","status":"publish","type":"page","link":"https:\/\/www.kalibracepipet.cz\/?page_id=108","title":{"rendered":"Dokumenty ke sta\u017een\u00ed"},"content":{"rendered":"\n<p class=\"has-text-color\" style=\"color:#12a1de\"><strong>Dokumenty ke sta\u017een\u00ed<\/strong><\/p>\n\n\n\n<div class=\"wp-block-columns is-layout-flex wp-container-core-columns-is-layout-9d6595d7 wp-block-columns-is-layout-flex\">\n<div class=\"wp-block-column is-layout-flow wp-block-column-is-layout-flow\">\n<div class=\"wp-block-file\"><a id=\"wp-block-file--media-fb4433b0-8c00-455f-9298-236d314a71b7\" href=\"https:\/\/www.kalibracepipet.cz\/wp-content\/uploads\/2021\/11\/VZ46_Objednavka-kalibrace_verze-09-2.docx\">Objedn\u00e1vka kalibrace (word)<\/a><a href=\"https:\/\/www.kalibracepipet.cz\/wp-content\/uploads\/2021\/11\/VZ46_Objednavka-kalibrace_verze-09-2.docx\" class=\"wp-block-file__button wp-element-button\" download aria-describedby=\"wp-block-file--media-fb4433b0-8c00-455f-9298-236d314a71b7\">St\u00e1hnout<\/a><\/div>\n\n\n\n<div class=\"wp-block-columns is-layout-flex wp-container-core-columns-is-layout-9d6595d7 wp-block-columns-is-layout-flex\">\n<div class=\"wp-block-column is-layout-flow wp-block-column-is-layout-flow\">\n<div data-wp-interactive=\"core\/file\" class=\"wp-block-file\"><object data-wp-bind--hidden=\"!state.hasPdfPreview\" hidden class=\"wp-block-file__embed\" data=\"https:\/\/www.kalibracepipet.cz\/wp-content\/uploads\/2025\/11\/priloha_1588133239_0_504_2025_CS.pdf\" type=\"application\/pdf\" style=\"width:100%;height:600px\" aria-label=\"Vlo\u017eit z Osv\u011bd\u010den\u00ed o akreditaci s p\u0159\u00edlohymipriloha_1588133239_0_504_2025_CS.\"><\/object><a id=\"wp-block-file--media-0003052e-7865-4c8c-a74c-a37a49de645e\" href=\"https:\/\/www.kalibracepipet.cz\/wp-content\/uploads\/2025\/11\/priloha_1588133239_0_504_2025_CS.pdf\">Osv\u011bd\u010den\u00ed o akreditaci s p\u0159\u00edlohymipriloha_1588133239_0_504_2025_CS<\/a><a href=\"https:\/\/www.kalibracepipet.cz\/wp-content\/uploads\/2025\/11\/priloha_1588133239_0_504_2025_CS.pdf\" class=\"wp-block-file__button wp-element-button\" download aria-describedby=\"wp-block-file--media-0003052e-7865-4c8c-a74c-a37a49de645e\">St\u00e1hnout<\/a><\/div>\n<\/div>\n<\/div>\n<\/div>\n\n\n\n<div class=\"wp-block-column is-layout-flow wp-block-column-is-layout-flow\">\n<div class=\"wp-block-file\"><a id=\"wp-block-file--media-0ef89591-cd96-43e6-b73f-b9e17901c987\" href=\"https:\/\/www.kalibracepipet.cz\/wp-content\/uploads\/2021\/11\/VZ46_Objednavka-kalibrace_verze-09-1.pdf\">Objedn\u00e1vka kalibrace (pdf)<\/a><a href=\"https:\/\/www.kalibracepipet.cz\/wp-content\/uploads\/2021\/11\/VZ46_Objednavka-kalibrace_verze-09-1.pdf\" class=\"wp-block-file__button wp-element-button\" download aria-describedby=\"wp-block-file--media-0ef89591-cd96-43e6-b73f-b9e17901c987\">St\u00e1hnout<\/a><\/div>\n\n\n\n<div class=\"wp-block-columns is-layout-flex wp-container-core-columns-is-layout-9d6595d7 wp-block-columns-is-layout-flex\">\n<div class=\"wp-block-column is-layout-flow wp-block-column-is-layout-flow\"><\/div>\n<\/div>\n<\/div>\n<\/div>\n\n\n\n<div class=\"wp-block-columns is-layout-flex wp-container-core-columns-is-layout-9d6595d7 wp-block-columns-is-layout-flex\">\n<div class=\"wp-block-column is-layout-flow wp-block-column-is-layout-flow\"><div class=\"wp-block-image is-resized\">\n<figure class=\"aligncenter size-large\"><img loading=\"lazy\" decoding=\"async\" width=\"768\" height=\"1024\" src=\"https:\/\/www.kalibracepipet.cz\/wp-content\/uploads\/2021\/11\/DSC01690-768x1024.jpg\" alt=\"\" class=\"wp-image-132\" srcset=\"https:\/\/www.kalibracepipet.cz\/wp-content\/uploads\/2021\/11\/DSC01690-768x1024.jpg 768w, https:\/\/www.kalibracepipet.cz\/wp-content\/uploads\/2021\/11\/DSC01690-225x300.jpg 225w, https:\/\/www.kalibracepipet.cz\/wp-content\/uploads\/2021\/11\/DSC01690-1152x1536.jpg 1152w, https:\/\/www.kalibracepipet.cz\/wp-content\/uploads\/2021\/11\/DSC01690-1536x2048.jpg 1536w, https:\/\/www.kalibracepipet.cz\/wp-content\/uploads\/2021\/11\/DSC01690-scaled.jpg 1920w\" sizes=\"auto, (max-width: 768px) 100vw, 768px\" \/><\/figure>\n<\/div><\/div>\n\n\n\n<div class=\"wp-block-column is-layout-flow wp-block-column-is-layout-flow\"><div class=\"wp-block-image is-resized\">\n<figure class=\"aligncenter size-large\"><img loading=\"lazy\" decoding=\"async\" width=\"576\" height=\"1024\" src=\"https:\/\/www.kalibracepipet.cz\/wp-content\/uploads\/2021\/11\/DSC_2343-576x1024.jpg\" alt=\"\" class=\"wp-image-133\" srcset=\"https:\/\/www.kalibracepipet.cz\/wp-content\/uploads\/2021\/11\/DSC_2343-576x1024.jpg 576w, https:\/\/www.kalibracepipet.cz\/wp-content\/uploads\/2021\/11\/DSC_2343-169x300.jpg 169w, https:\/\/www.kalibracepipet.cz\/wp-content\/uploads\/2021\/11\/DSC_2343-768x1365.jpg 768w, https:\/\/www.kalibracepipet.cz\/wp-content\/uploads\/2021\/11\/DSC_2343-864x1536.jpg 864w, https:\/\/www.kalibracepipet.cz\/wp-content\/uploads\/2021\/11\/DSC_2343-1152x2048.jpg 1152w, https:\/\/www.kalibracepipet.cz\/wp-content\/uploads\/2021\/11\/DSC_2343-scaled.jpg 1440w\" sizes=\"auto, (max-width: 576px) 100vw, 576px\" \/><\/figure>\n<\/div><\/div>\n\n\n\n<div class=\"wp-block-column is-layout-flow wp-block-column-is-layout-flow\">\n<figure class=\"wp-block-image size-large is-resized\"><img loading=\"lazy\" decoding=\"async\" width=\"768\" height=\"1024\" src=\"https:\/\/www.kalibracepipet.cz\/wp-content\/uploads\/2021\/11\/IMG_1566-1-768x1024.jpg\" alt=\"\" class=\"wp-image-135\" style=\"width:223px;height:297px\" srcset=\"https:\/\/www.kalibracepipet.cz\/wp-content\/uploads\/2021\/11\/IMG_1566-1-768x1024.jpg 768w, https:\/\/www.kalibracepipet.cz\/wp-content\/uploads\/2021\/11\/IMG_1566-1-225x300.jpg 225w, https:\/\/www.kalibracepipet.cz\/wp-content\/uploads\/2021\/11\/IMG_1566-1-1152x1536.jpg 1152w, https:\/\/www.kalibracepipet.cz\/wp-content\/uploads\/2021\/11\/IMG_1566-1-1536x2048.jpg 1536w, https:\/\/www.kalibracepipet.cz\/wp-content\/uploads\/2021\/11\/IMG_1566-1.jpg 1704w\" sizes=\"auto, (max-width: 768px) 100vw, 768px\" \/><\/figure>\n<\/div>\n<\/div>\n","protected":false},"excerpt":{"rendered":"<p>Dokumenty ke sta\u017een\u00ed<\/p>\n","protected":false},"author":1,"featured_media":0,"parent":0,"menu_order":0,"comment_status":"closed","ping_status":"closed","template":"","meta":{"_monsterinsights_skip_tracking":false,"_monsterinsights_sitenote_active":false,"_monsterinsights_sitenote_note":"","_monsterinsights_sitenote_category":0,"footnotes":""},"class_list":["post-108","page","type-page","status-publish","hentry"],"_links":{"self":[{"href":"https:\/\/www.kalibracepipet.cz\/index.php?rest_route=\/wp\/v2\/pages\/108","targetHints":{"allow":["GET"]}}],"collection":[{"href":"https:\/\/www.kalibracepipet.cz\/index.php?rest_route=\/wp\/v2\/pages"}],"about":[{"href":"https:\/\/www.kalibracepipet.cz\/index.php?rest_route=\/wp\/v2\/types\/page"}],"author":[{"embeddable":true,"href":"https:\/\/www.kalibracepipet.cz\/index.php?rest_route=\/wp\/v2\/users\/1"}],"replies":[{"embeddable":true,"href":"https:\/\/www.kalibracepipet.cz\/index.php?rest_route=%2Fwp%2Fv2%2Fcomments&post=108"}],"version-history":[{"count":10,"href":"https:\/\/www.kalibracepipet.cz\/index.php?rest_route=\/wp\/v2\/pages\/108\/revisions"}],"predecessor-version":[{"id":695,"href":"https:\/\/www.kalibracepipet.cz\/index.php?rest_route=\/wp\/v2\/pages\/108\/revisions\/695"}],"wp:attachment":[{"href":"https:\/\/www.kalibracepipet.cz\/index.php?rest_route=%2Fwp%2Fv2%2Fmedia&parent=108"}],"curies":[{"name":"wp","href":"https:\/\/api.w.org\/{rel}","templated":true}]}}