{"id":21,"date":"2021-11-10T14:52:22","date_gmt":"2021-11-10T14:52:22","guid":{"rendered":"https:\/\/www.kalibracepipet.cz\/?page_id=21"},"modified":"2024-11-16T09:38:52","modified_gmt":"2024-11-16T09:38:52","slug":"kontaktni-udaje","status":"publish","type":"page","link":"https:\/\/www.kalibracepipet.cz\/?page_id=21","title":{"rendered":"Kontaktn\u00ed \u00fadaje"},"content":{"rendered":"\n<div class=\"wp-block-columns is-layout-flex wp-container-core-columns-is-layout-9d6595d7 wp-block-columns-is-layout-flex\">\n<div class=\"wp-block-column is-layout-flow wp-block-column-is-layout-flow\">\n<figure class=\"wp-block-image size-large is-resized\"><img loading=\"lazy\" decoding=\"async\" width=\"1024\" height=\"352\" src=\"https:\/\/www.kalibracepipet.cz\/wp-content\/uploads\/2021\/11\/ScanLabPraha_logo_CMYK-3-1024x352.jpg\" alt=\"\" class=\"wp-image-358\" style=\"width:195px;height:66px\" srcset=\"https:\/\/www.kalibracepipet.cz\/wp-content\/uploads\/2021\/11\/ScanLabPraha_logo_CMYK-3-1024x352.jpg 1024w, https:\/\/www.kalibracepipet.cz\/wp-content\/uploads\/2021\/11\/ScanLabPraha_logo_CMYK-3-300x103.jpg 300w, https:\/\/www.kalibracepipet.cz\/wp-content\/uploads\/2021\/11\/ScanLabPraha_logo_CMYK-3-768x264.jpg 768w, https:\/\/www.kalibracepipet.cz\/wp-content\/uploads\/2021\/11\/ScanLabPraha_logo_CMYK-3-1536x528.jpg 1536w, https:\/\/www.kalibracepipet.cz\/wp-content\/uploads\/2021\/11\/ScanLabPraha_logo_CMYK-3-2048x703.jpg 2048w\" sizes=\"auto, (max-width: 1024px) 100vw, 1024px\" \/><\/figure>\n<\/div>\n\n\n\n<div class=\"wp-block-column is-layout-flow wp-block-column-is-layout-flow\">\n<figure class=\"wp-block-image size-full is-resized\"><img loading=\"lazy\" decoding=\"async\" width=\"572\" height=\"550\" src=\"https:\/\/www.kalibracepipet.cz\/wp-content\/uploads\/2021\/11\/CK-2373-3.gif\" alt=\"\" class=\"wp-image-357\" style=\"width:119px;height:114px\"\/><\/figure>\n<\/div>\n<\/div>\n\n\n\n<div class=\"wp-block-columns is-layout-flex wp-container-core-columns-is-layout-9d6595d7 wp-block-columns-is-layout-flex\">\n<div class=\"wp-block-column is-layout-flow wp-block-column-is-layout-flow\">\n<p><strong>Scanlab Praha s.r.o.<\/strong><\/p>\n\n\n\n<p>Kalibra\u010dn\u00ed laborato\u0159 Scanlab Praha <\/p>\n\n\n\n<p>Dr. Marodyho 143\/20<\/p>\n\n\n\n<p>196 00 Praha 9<\/p>\n\n\n\n<p><\/p>\n\n\n\n<p><strong>Jednatel: ing. Jaroslav Vor\u00e1\u010dek<\/strong><\/p>\n\n\n\n<p>Tel.: +420 777 931 801<\/p>\n\n\n\n<p>Email: <a href=\"mailto:voracek@scanlabpraha.cz\">voracek@scanlabpraha.cz<\/a><\/p>\n\n\n\n<p><\/p>\n<\/div>\n\n\n\n<div class=\"wp-block-column is-layout-flow wp-block-column-is-layout-flow\">\n<p><strong>P\u0159\u00edjem objedn\u00e1vek a svozu:<\/strong><\/p>\n\n\n\n<p>Radka Kra\u0165kov\u00e1<\/p>\n\n\n\n<p>Email: <a href=\"mailto:kratkova@scanlab.cz\">kratkova@scanlab.cz<\/a><\/p>\n\n\n\n<p>Tel.: +420 608 254 995 nebo +420 283 931 726<\/p>\n\n\n\n<p><\/p>\n\n\n\n<p><strong>Centr\u00e1ln\u00ed email:<a href=\"info@kalibracepipet.cz\" data-type=\"URL\" data-id=\"info@kalibracepipet.cz\"> info@kalibracepipet.cz<\/a><\/strong><\/p>\n\n\n\n<p><\/p>\n\n\n\n<p><strong>Telefonn\u00ed kontakty:<\/strong><\/p>\n\n\n\n<p>07:30 a\u017e 16:00: +420 608 254 995 nebo +420 283 931 726<\/p>\n\n\n\n<p>Non-stop: +420 777 931 801<\/p>\n<\/div>\n<\/div>\n\n\n\n<div class=\"wp-block-jetpack-send-a-message\">\n<div class=\"wp-block-jetpack-whatsapp-button is-color-dark\"><a class=\"whatsapp-block__button\" href=\"https:\/\/api.whatsapp.com\/send?phone=&amp;text=Hi%2C%20I%20got%20your%20WhatsApp%20information%20from%20your%20website.\" style=\"background-color:#25D366;color:#fff\" target=\"_self\" rel=\"noopener noreferrer\">Chat on WhatsApp<\/a><\/div>\n<\/div>\n\n\n\n<iframe loading=\"lazy\" style=\"border:none\" src=\"https:\/\/frame.mapy.cz\/s\/javegumora\" width=\"400\" height=\"280\" frameborder=\"0\"><\/iframe>\n\n\n\n<p>Zde n\u00e1s naleznete.<\/p>\n\n\n\n<p class=\"has-text-align-center\"><strong>Na\u0161e weby:<\/strong><\/p>\n\n\n\n<div class=\"wp-block-columns is-layout-flex wp-container-core-columns-is-layout-9d6595d7 wp-block-columns-is-layout-flex\">\n<div class=\"wp-block-column has-background is-layout-flow wp-block-column-is-layout-flow\" style=\"background-color:#7fe9bf\">\n<p class=\"has-text-align-center\"><a href=\"http:\/\/www.kalibracepipet.cz\"><span style=\"text-decoration: underline;\">www.kalibracepipet.cz<\/span><\/a><\/p>\n\n\n\n<p class=\"has-text-align-center\"><a href=\"http:\/\/www.kalibracepipet.cz\">www.kalibraciapipiet.sk<\/a><\/p>\n\n\n\n<p class=\"has-text-align-center\"><a href=\"http:\/\/www.pipety.eu\">www.pipety.eu<\/a><\/p>\n\n\n\n<p><\/p>\n<\/div>\n\n\n\n<div class=\"wp-block-column has-background is-layout-flow wp-block-column-is-layout-flow\" style=\"background-color:#7fe9bf\">\n<p class=\"has-text-align-center\"><a href=\"http:\/\/www.kalibraceteplomeru.cz\">www.kalibraceteplomeru.cz<\/a><\/p>\n\n\n\n<p class=\"has-text-align-center\"><a href=\"http:\/\/www.kalibracevlhkomeru.cz\">www.kalibracevlhkomeru.cz<\/a><\/p>\n\n\n\n<p class=\"has-text-align-center\"><a href=\"http:\/\/www.overovanitonometru.cz\">www.overovanitonometru.cz<\/a><\/p>\n<\/div>\n<\/div>\n","protected":false},"excerpt":{"rendered":"<p>Scanlab Praha s.r.o. Kalibra\u010dn\u00ed laborato\u0159 Scanlab Praha Dr. Marodyho 143\/20 196 00 Praha 9 Jednatel: ing. Jaroslav Vor\u00e1\u010dek Tel.: +420 777 931 801 Email: voracek@scanlabpraha.cz P\u0159\u00edjem objedn\u00e1vek a svozu: Radka Kra\u0165kov\u00e1 Email: kratkova@scanlab.cz Tel.: +420 608 254 995 nebo +420 283 931 726 Centr\u00e1ln\u00ed email: info@kalibracepipet.cz Telefonn\u00ed kontakty: 07:30 a\u017e 16:00: +420 608 254 995 [&hellip;]<\/p>\n","protected":false},"author":1,"featured_media":0,"parent":0,"menu_order":0,"comment_status":"closed","ping_status":"closed","template":"","meta":{"_monsterinsights_skip_tracking":false,"_monsterinsights_sitenote_active":false,"_monsterinsights_sitenote_note":"","_monsterinsights_sitenote_category":0,"footnotes":""},"class_list":["post-21","page","type-page","status-publish","hentry"],"_links":{"self":[{"href":"https:\/\/www.kalibracepipet.cz\/index.php?rest_route=\/wp\/v2\/pages\/21","targetHints":{"allow":["GET"]}}],"collection":[{"href":"https:\/\/www.kalibracepipet.cz\/index.php?rest_route=\/wp\/v2\/pages"}],"about":[{"href":"https:\/\/www.kalibracepipet.cz\/index.php?rest_route=\/wp\/v2\/types\/page"}],"author":[{"embeddable":true,"href":"https:\/\/www.kalibracepipet.cz\/index.php?rest_route=\/wp\/v2\/users\/1"}],"replies":[{"embeddable":true,"href":"https:\/\/www.kalibracepipet.cz\/index.php?rest_route=%2Fwp%2Fv2%2Fcomments&post=21"}],"version-history":[{"count":23,"href":"https:\/\/www.kalibracepipet.cz\/index.php?rest_route=\/wp\/v2\/pages\/21\/revisions"}],"predecessor-version":[{"id":595,"href":"https:\/\/www.kalibracepipet.cz\/index.php?rest_route=\/wp\/v2\/pages\/21\/revisions\/595"}],"wp:attachment":[{"href":"https:\/\/www.kalibracepipet.cz\/index.php?rest_route=%2Fwp%2Fv2%2Fmedia&parent=21"}],"curies":[{"name":"wp","href":"https:\/\/api.w.org\/{rel}","templated":true}]}}