{"id":5,"date":"2021-11-10T13:48:15","date_gmt":"2021-11-10T13:48:15","guid":{"rendered":"https:\/\/www.kalibracepipet.cz\/?page_id=5"},"modified":"2026-03-07T09:20:13","modified_gmt":"2026-03-07T09:20:13","slug":"uvodni-stranka","status":"publish","type":"page","link":"https:\/\/www.kalibracepipet.cz\/","title":{"rendered":"Kalibra\u010dn\u00ed laborato\u0159 Scanlab Praha"},"content":{"rendered":"\n<p class=\"has-medium-font-size\"><strong>V\u00edt\u00e1me V\u00e1s na na\u0161ich str\u00e1nk\u00e1ch<\/strong><\/p>\n\n\n\n<div class=\"wp-block-columns is-layout-flex wp-container-core-columns-is-layout-9d6595d7 wp-block-columns-is-layout-flex\">\n<div class=\"wp-block-column is-layout-flow wp-block-column-is-layout-flow\">\n<p style=\"font-size:15px\"><strong>Kalibrace pipet a d\u00e1vkova\u010d\u016f jsou prov\u00e1d\u011bny maxim\u00e1ln\u011b do dvou pracovn\u00edch dn\u016f (90% do jednoho pracovn\u00edho dne).<\/strong><\/p>\n\n\n\n<div style=\"height:21px\" aria-hidden=\"true\" class=\"wp-block-spacer\"><\/div>\n\n\n\n<ol class=\"wp-block-list\">\n<li style=\"font-size:15px\"><strong>\u00dadr\u017eba pipet<\/strong> (\u010di\u0161t\u011bn\u00ed, promaz\u00e1n\u00ed, justov\u00e1n\u00ed) je zcela <strong>zdarma<\/strong>.<\/li>\n\n\n\n<li style=\"font-size:15px\">U v\u0161ech pipet je zcela <strong>zdarma <\/strong>provedena <strong>kontrola t\u011bsnosti<\/strong>.<\/li>\n\n\n\n<li style=\"font-size:15px\"><strong>Hodnocen\u00ed kalibrace <\/strong>je provedeno automaticky a je provedeno <strong>zdarma<\/strong>.<\/li>\n\n\n\n<li style=\"font-size:15px\">V p\u0159\u00edpad\u011b <strong>zji\u0161t\u011bn\u00ed po\u0161kozen\u00ed<\/strong> pipety <strong>ne\u00fa\u010dtujeme <\/strong>\u017e\u00e1dn\u00e9 poplatky.<\/li>\n\n\n\n<li style=\"font-size:15px\"><strong>Po dobu kalibrace<\/strong> mo\u017enost <strong>zap\u016fj\u010den\u00ed <\/strong>n\u00e1hradn\u00edch <strong>pipet <\/strong>s platnou kalibrac\u00ed, <strong>zdarma<\/strong>.<\/li>\n\n\n\n<li style=\"font-size:15px\">V cel\u00e9 <strong>\u010cR\/SR <\/strong>svoz a rozvoz pipet <strong>zdarma<\/strong> (DPD nebo PPL).<\/li>\n\n\n\n<li style=\"font-size:15px\"><strong>\u0160pi\u010dky <\/strong>pou\u017e\u00edvan\u00e9 b\u011bhem kalibrace jsou <strong>zdarma<\/strong>. Sna\u017e\u00edme se pou\u017e\u00edvat orogin\u00e1ln\u00ed \u0161pi\u010dky.<\/li>\n\n\n\n<li style=\"font-size:15px\">Scany kalibra\u010dn\u00edch list\u016f V\u00e1m ode\u0161leme ihned po kalibraci emailem.<\/li>\n\n\n\n<li style=\"font-size:15px\">Nab\u00edz\u00edme V\u00e1m kalibra\u010dn\u00ed listy vytisknut\u00e9 a podepsan\u00e9 nebo elektronicky podepsan\u00e9 a odeslan\u00e9 emailem.<\/li>\n<\/ol>\n\n\n<div class=\"wp-block-image\">\n<figure class=\"alignleft size-full is-resized\"><img loading=\"lazy\" decoding=\"async\" width=\"1024\" height=\"1024\" src=\"https:\/\/www.kalibracepipet.cz\/wp-content\/uploads\/2026\/03\/bezinaservis.png\" alt=\"\" class=\"wp-image-705\" style=\"width:292px;height:auto\" srcset=\"https:\/\/www.kalibracepipet.cz\/wp-content\/uploads\/2026\/03\/bezinaservis.png 1024w, https:\/\/www.kalibracepipet.cz\/wp-content\/uploads\/2026\/03\/bezinaservis-300x300.png 300w, https:\/\/www.kalibracepipet.cz\/wp-content\/uploads\/2026\/03\/bezinaservis-150x150.png 150w, https:\/\/www.kalibracepipet.cz\/wp-content\/uploads\/2026\/03\/bezinaservis-768x768.png 768w, https:\/\/www.kalibracepipet.cz\/wp-content\/uploads\/2026\/03\/bezinaservis-100x100.png 100w\" sizes=\"auto, (max-width: 1024px) 100vw, 1024px\" \/><\/figure>\n<\/div>\n\n\n<p><\/p>\n<\/div>\n<\/div>\n\n\n\n<div class=\"wp-block-columns is-layout-flex wp-container-core-columns-is-layout-9d6595d7 wp-block-columns-is-layout-flex\">\n<div class=\"wp-block-column is-layout-flow wp-block-column-is-layout-flow\">\n<p class=\"has-text-color\" style=\"color:#0f9dda;font-size:17px\"><strong>Akreditovan\u00e1 kalibrace zahrnuje:<\/strong><\/p>\n\n\n\n<ol class=\"wp-block-list\">\n<li style=\"font-size:15px\">kontrola t\u011bsnosti pipety<\/li>\n\n\n\n<li style=\"font-size:15px\">kompletn\u00ed \u00fadr\u017eba pipety (rozebr\u00e1n\u00ed, vy\u010di\u0161t\u011bn\u00ed, kontrola v\u0161ech d\u00edl\u016f)<\/li>\n\n\n\n<li style=\"font-size:15px\">akreditovan\u00e1 kalibrace<\/li>\n\n\n\n<li style=\"font-size:15px\">p\u0159\u00edpadn\u00e9 justov\u00e1n\u00ed pipety<\/li>\n\n\n\n<li style=\"font-size:15px\">vystaven\u00ed kalibra\u010dn\u00edho listu<\/li>\n\n\n\n<li style=\"font-size:15px\">ozna\u010den\u00ed pipety kalibra\u010dn\u00edm \u0161t\u00edtkem<\/li>\n\n\n\n<li style=\"font-size:15px\">odesl\u00e1n\u00ed zp\u011bt k V\u00e1m<\/li>\n<\/ol>\n<\/div>\n\n\n\n<div class=\"wp-block-column is-layout-flow wp-block-column-is-layout-flow\">\n<div class=\"wp-block-buttons is-layout-flex wp-block-buttons-is-layout-flex\">\n<div class=\"wp-block-button has-custom-width wp-block-button__width-50\"><a class=\"wp-block-button__link has-background has-medium-font-size has-custom-font-size wp-element-button\" href=\"https:\/\/www.kalibracepipet.cz\/?page_id=13\" style=\"background-color:#1c979b\">Elektronick\u00e1 objedn\u00e1vka<\/a><\/div>\n<\/div>\n<\/div>\n<\/div>\n\n\n\n<div class=\"wp-block-columns is-layout-flex wp-container-core-columns-is-layout-9d6595d7 wp-block-columns-is-layout-flex\">\n<div class=\"wp-block-column is-layout-flow wp-block-column-is-layout-flow\">\n<p class=\"has-text-color\" style=\"color:#ec0915\"><strong>Dekontaminujte sv\u00e9 pipety! <\/strong><\/p>\n\n\n\n<p class=\"has-text-color\" style=\"color:#ec0915\"><strong>Rychle &#8211; kvalitn\u011b &#8211; jednodu\u0161e<\/strong><\/p>\n<\/div>\n\n\n\n<div class=\"wp-block-column is-layout-flow wp-block-column-is-layout-flow\">\n<p style=\"font-size:18px\"><em><strong>Dekontaminace pipet nemus\u00ed b\u00fdt slo\u017eit\u00e1. Zni\u010dte ve sv\u00fdch pipet\u00e1ch viry, koronaviry, DNS, bakterie a mikroplazmy.<\/strong><\/em><\/p>\n<\/div>\n<\/div>\n\n\n\n<div class=\"wp-block-columns is-layout-flex wp-container-core-columns-is-layout-9d6595d7 wp-block-columns-is-layout-flex\">\n<div class=\"wp-block-column is-layout-flow wp-block-column-is-layout-flow\">\n<p style=\"font-size:15px\">MTC nUVaClean je prvn\u00ed a jedin\u00fd syst\u00e9m na sv\u011bt\u011b, kter\u00fd je schopen pojmout a\u017e 6 jednokan\u00e1lov\u00fdch pipet a zni\u010dit a\u017e 99% necht\u011bn\u00e9 kontaminace.<\/p>\n\n\n\n<p style=\"font-size:15px\">Tento p\u0159\u00edstroj pou\u017e\u00edv\u00e1 germicidn\u00ed lampu UV-C. Vysoce \u00fa\u010dinn\u00fd reflektor\/koncentr\u00e1tor vyza\u0159uje UV sv\u011btlo o vlnov\u00e9 d\u00e9lce 254 nM. Toto sv\u011btlo eliminuje mikrobiologick\u00e9 kontaminace a zabr\u00e1n\u00ed k\u0159\u00ed\u017eov\u00e9 kontaminaci b\u011bhem PCR nebo jin\u00fdch citliv\u00fdch metod.<\/p>\n<\/div>\n\n\n\n<div class=\"wp-block-column is-layout-flow wp-block-column-is-layout-flow\">\n<figure class=\"wp-block-image size-full is-resized\"><img loading=\"lazy\" decoding=\"async\" width=\"500\" height=\"500\" src=\"https:\/\/www.kalibracepipet.cz\/wp-content\/uploads\/2021\/11\/nUVa-clean.jpg\" alt=\"\" class=\"wp-image-161\" style=\"width:277px;height:277px\" srcset=\"https:\/\/www.kalibracepipet.cz\/wp-content\/uploads\/2021\/11\/nUVa-clean.jpg 500w, https:\/\/www.kalibracepipet.cz\/wp-content\/uploads\/2021\/11\/nUVa-clean-300x300.jpg 300w, https:\/\/www.kalibracepipet.cz\/wp-content\/uploads\/2021\/11\/nUVa-clean-150x150.jpg 150w\" sizes=\"auto, (max-width: 500px) 100vw, 500px\" \/><\/figure>\n<\/div>\n\n\n\n<div class=\"wp-block-column is-layout-flow wp-block-column-is-layout-flow\">\n<figure class=\"wp-block-image size-large is-resized\"><img loading=\"lazy\" decoding=\"async\" width=\"768\" height=\"1024\" src=\"https:\/\/www.kalibracepipet.cz\/wp-content\/uploads\/2021\/11\/20201126_161542132_iOS-768x1024.jpg\" alt=\"\" class=\"wp-image-162\" style=\"width:204px;height:272px\" srcset=\"https:\/\/www.kalibracepipet.cz\/wp-content\/uploads\/2021\/11\/20201126_161542132_iOS-768x1024.jpg 768w, https:\/\/www.kalibracepipet.cz\/wp-content\/uploads\/2021\/11\/20201126_161542132_iOS-225x300.jpg 225w, https:\/\/www.kalibracepipet.cz\/wp-content\/uploads\/2021\/11\/20201126_161542132_iOS-1152x1536.jpg 1152w, https:\/\/www.kalibracepipet.cz\/wp-content\/uploads\/2021\/11\/20201126_161542132_iOS-1536x2048.jpg 1536w, https:\/\/www.kalibracepipet.cz\/wp-content\/uploads\/2021\/11\/20201126_161542132_iOS-scaled.jpg 1920w\" sizes=\"auto, (max-width: 768px) 100vw, 768px\" \/><\/figure>\n<\/div>\n<\/div>\n","protected":false},"excerpt":{"rendered":"<p>V\u00edt\u00e1me V\u00e1s na na\u0161ich str\u00e1nk\u00e1ch Kalibrace pipet a d\u00e1vkova\u010d\u016f jsou prov\u00e1d\u011bny maxim\u00e1ln\u011b do dvou pracovn\u00edch dn\u016f (90% do jednoho pracovn\u00edho dne). Akreditovan\u00e1 kalibrace zahrnuje: Dekontaminujte sv\u00e9 pipety! Rychle &#8211; kvalitn\u011b &#8211; jednodu\u0161e Dekontaminace pipet nemus\u00ed b\u00fdt slo\u017eit\u00e1. Zni\u010dte ve sv\u00fdch pipet\u00e1ch viry, koronaviry, DNS, bakterie a mikroplazmy. MTC nUVaClean je prvn\u00ed a jedin\u00fd syst\u00e9m na [&hellip;]<\/p>\n","protected":false},"author":1,"featured_media":0,"parent":0,"menu_order":0,"comment_status":"closed","ping_status":"closed","template":"","meta":{"_monsterinsights_skip_tracking":false,"_monsterinsights_sitenote_active":false,"_monsterinsights_sitenote_note":"","_monsterinsights_sitenote_category":0,"footnotes":""},"class_list":["post-5","page","type-page","status-publish","hentry"],"_links":{"self":[{"href":"https:\/\/www.kalibracepipet.cz\/index.php?rest_route=\/wp\/v2\/pages\/5","targetHints":{"allow":["GET"]}}],"collection":[{"href":"https:\/\/www.kalibracepipet.cz\/index.php?rest_route=\/wp\/v2\/pages"}],"about":[{"href":"https:\/\/www.kalibracepipet.cz\/index.php?rest_route=\/wp\/v2\/types\/page"}],"author":[{"embeddable":true,"href":"https:\/\/www.kalibracepipet.cz\/index.php?rest_route=\/wp\/v2\/users\/1"}],"replies":[{"embeddable":true,"href":"https:\/\/www.kalibracepipet.cz\/index.php?rest_route=%2Fwp%2Fv2%2Fcomments&post=5"}],"version-history":[{"count":62,"href":"https:\/\/www.kalibracepipet.cz\/index.php?rest_route=\/wp\/v2\/pages\/5\/revisions"}],"predecessor-version":[{"id":707,"href":"https:\/\/www.kalibracepipet.cz\/index.php?rest_route=\/wp\/v2\/pages\/5\/revisions\/707"}],"wp:attachment":[{"href":"https:\/\/www.kalibracepipet.cz\/index.php?rest_route=%2Fwp%2Fv2%2Fmedia&parent=5"}],"curies":[{"name":"wp","href":"https:\/\/api.w.org\/{rel}","templated":true}]}}