{"id":68,"date":"2021-11-10T18:21:46","date_gmt":"2021-11-10T18:21:46","guid":{"rendered":"https:\/\/www.kalibracepipet.cz\/?page_id=68"},"modified":"2022-02-08T19:30:51","modified_gmt":"2022-02-08T19:30:51","slug":"neakreditovane-kalibrace","status":"publish","type":"page","link":"https:\/\/www.kalibracepipet.cz\/?page_id=68","title":{"rendered":"Neakreditovan\u00e9 kalibrace"},"content":{"rendered":"\n<div class=\"wp-block-columns is-layout-flex wp-container-core-columns-is-layout-9d6595d7 wp-block-columns-is-layout-flex\">\n<div class=\"wp-block-column is-layout-flow wp-block-column-is-layout-flow\">\n<p>Nab\u00edz\u00edme V\u00e1m tak\u00e9 proveden\u00ed neakreditovan\u00e9 kalibrace. P\u0159ed samotn\u00fdm proveden\u00edm kalibrace je pipeta kompletn\u011b rozebr\u00e1na a vy\u010di\u0161t\u011bna. Po servisu je pipeta kalibrov\u00e1na. Z kalibrace obdr\u017e\u00edte kalibra\u010dn\u00ed list, ve kter\u00e9m jsou uvedeny hodnoty, mimo jin\u00e9, systematick\u00e9 a n\u00e1hodn\u00e9 chyby.<\/p>\n\n\n\n<div style=\"height:57px\" aria-hidden=\"true\" class=\"wp-block-spacer\"><\/div>\n\n\n\n<p class=\"has-text-color\" style=\"color:#119fdc\"><strong>Co je s pipetou prov\u00e1d\u011bno b\u011bhem neakreditovan\u00e9 kalibrace:<\/strong><\/p>\n\n\n\n<ol class=\"wp-block-list\" style=\"font-size:14px\"><li>Je provedena dekontaminace. Dekontaminaci prov\u00e1d\u00edme v p\u0159\u00edstroji nUVa clean.<\/li><li>Pipeta je kompletn\u011b rozebr\u00e1na, v\u0161echny vnit\u0159n\u00ed i vn\u011bj\u0161\u00ed \u010d\u00e1sti jsou zkontrolov\u00e1ny.<\/li><li>V\u0161echny d\u00edly jsou vy\u010di\u0161t\u011bny.<\/li><li>Vnit\u0159n\u00ed \u00fastroj\u00ed je kompletn\u011b promaz\u00e1no a je vyzkou\u0161ena jeho funkce.<\/li><li>Pipeta je sestavena a je provedena kompletn\u00ed kontrola.<\/li><li>Je provedena zkou\u0161ka podtlaku.<\/li><li>Nakonec je provedena kalibrace na v\u00e1h\u00e1ch, 3&#215;10 hodnot (v p\u0159\u00edpad\u011b pipety s variabiln\u00edm objemem)<\/li><\/ol>\n\n\n\n<p>Neakreditovan\u00e9 kalibrace nejsou akreditovan\u00fd v\u00fdkon, obdr\u017e\u00edte Kalibra\u010dn\u00ed list s hodnotami pr\u016fm\u011brn\u00e9ho objemu pipety, systematick\u00e9 a n\u00e1hodn\u00e9 chyby.<\/p>\n<\/div>\n\n\n\n<div class=\"wp-block-column is-layout-flow wp-block-column-is-layout-flow\">\n<div class=\"wp-block-image\"><figure class=\"aligncenter size-large is-resized\"><img loading=\"lazy\" decoding=\"async\" src=\"https:\/\/www.kalibracepipet.cz\/wp-content\/uploads\/2021\/11\/DSC01691-768x1024.jpg\" alt=\"\" class=\"wp-image-69\" width=\"157\" height=\"208\" srcset=\"https:\/\/www.kalibracepipet.cz\/wp-content\/uploads\/2021\/11\/DSC01691-768x1024.jpg 768w, https:\/\/www.kalibracepipet.cz\/wp-content\/uploads\/2021\/11\/DSC01691-225x300.jpg 225w, https:\/\/www.kalibracepipet.cz\/wp-content\/uploads\/2021\/11\/DSC01691-1152x1536.jpg 1152w, https:\/\/www.kalibracepipet.cz\/wp-content\/uploads\/2021\/11\/DSC01691-1536x2048.jpg 1536w, https:\/\/www.kalibracepipet.cz\/wp-content\/uploads\/2021\/11\/DSC01691-scaled.jpg 1920w\" sizes=\"auto, (max-width: 157px) 100vw, 157px\" \/><\/figure><\/div>\n\n\n\n<p>V\u00edce informac\u00ed V\u00e1m r\u00e1di sd\u011bl\u00edme na tel.: 777 931 801 nebo <a href=\"mailto:info@kalibracepipet.cz\">info@kalibracepipet.cz<\/a> <\/p>\n\n\n\n<div class=\"wp-block-image\"><figure class=\"aligncenter size-large is-resized\"><img loading=\"lazy\" decoding=\"async\" src=\"https:\/\/www.kalibracepipet.cz\/wp-content\/uploads\/2021\/11\/DSC01692-1024x768.jpg\" alt=\"\" class=\"wp-image-71\" width=\"316\" height=\"237\" srcset=\"https:\/\/www.kalibracepipet.cz\/wp-content\/uploads\/2021\/11\/DSC01692-1024x768.jpg 1024w, https:\/\/www.kalibracepipet.cz\/wp-content\/uploads\/2021\/11\/DSC01692-300x225.jpg 300w, https:\/\/www.kalibracepipet.cz\/wp-content\/uploads\/2021\/11\/DSC01692-768x576.jpg 768w, https:\/\/www.kalibracepipet.cz\/wp-content\/uploads\/2021\/11\/DSC01692-1536x1152.jpg 1536w, https:\/\/www.kalibracepipet.cz\/wp-content\/uploads\/2021\/11\/DSC01692-2048x1536.jpg 2048w, https:\/\/www.kalibracepipet.cz\/wp-content\/uploads\/2021\/11\/DSC01692-600x450.jpg 600w\" sizes=\"auto, (max-width: 316px) 100vw, 316px\" \/><\/figure><\/div>\n<\/div>\n<\/div>\n","protected":false},"excerpt":{"rendered":"<p>Nab\u00edz\u00edme V\u00e1m tak\u00e9 proveden\u00ed neakreditovan\u00e9 kalibrace. P\u0159ed samotn\u00fdm proveden\u00edm kalibrace je pipeta kompletn\u011b rozebr\u00e1na a vy\u010di\u0161t\u011bna. Po servisu je pipeta kalibrov\u00e1na. Z kalibrace obdr\u017e\u00edte kalibra\u010dn\u00ed list, ve kter\u00e9m jsou uvedeny hodnoty, mimo jin\u00e9, systematick\u00e9 a n\u00e1hodn\u00e9 chyby. Co je s pipetou prov\u00e1d\u011bno b\u011bhem neakreditovan\u00e9 kalibrace: Je provedena dekontaminace. Dekontaminaci prov\u00e1d\u00edme v p\u0159\u00edstroji nUVa clean. Pipeta [&hellip;]<\/p>\n","protected":false},"author":1,"featured_media":0,"parent":0,"menu_order":0,"comment_status":"closed","ping_status":"closed","template":"","meta":{"_monsterinsights_skip_tracking":false,"_monsterinsights_sitenote_active":false,"_monsterinsights_sitenote_note":"","_monsterinsights_sitenote_category":0,"footnotes":""},"class_list":["post-68","page","type-page","status-publish","hentry"],"_links":{"self":[{"href":"https:\/\/www.kalibracepipet.cz\/index.php?rest_route=\/wp\/v2\/pages\/68","targetHints":{"allow":["GET"]}}],"collection":[{"href":"https:\/\/www.kalibracepipet.cz\/index.php?rest_route=\/wp\/v2\/pages"}],"about":[{"href":"https:\/\/www.kalibracepipet.cz\/index.php?rest_route=\/wp\/v2\/types\/page"}],"author":[{"embeddable":true,"href":"https:\/\/www.kalibracepipet.cz\/index.php?rest_route=\/wp\/v2\/users\/1"}],"replies":[{"embeddable":true,"href":"https:\/\/www.kalibracepipet.cz\/index.php?rest_route=%2Fwp%2Fv2%2Fcomments&post=68"}],"version-history":[{"count":7,"href":"https:\/\/www.kalibracepipet.cz\/index.php?rest_route=\/wp\/v2\/pages\/68\/revisions"}],"predecessor-version":[{"id":433,"href":"https:\/\/www.kalibracepipet.cz\/index.php?rest_route=\/wp\/v2\/pages\/68\/revisions\/433"}],"wp:attachment":[{"href":"https:\/\/www.kalibracepipet.cz\/index.php?rest_route=%2Fwp%2Fv2%2Fmedia&parent=68"}],"curies":[{"name":"wp","href":"https:\/\/api.w.org\/{rel}","templated":true}]}}